{"id":41,"date":"2016-07-05T09:16:13","date_gmt":"2016-07-05T07:16:13","guid":{"rendered":"http:\/\/webschool-liz.com\/?page_id=41"},"modified":"2020-07-02T20:35:54","modified_gmt":"2020-07-02T18:35:54","slug":"uber-uns","status":"publish","type":"page","link":"https:\/\/webschool-liz.com\/en\/uber-uns\/","title":{"rendered":"About"},"content":{"rendered":"<h2>ABOUT US<\/h2>\n<h4>MEET OUR TEAM<\/h4>\n\t\t\t\t<img decoding=\"async\" src=\"http:\/\/webschool-liz.com\/wp-content\/uploads\/2019\/04\/1.jpg\" alt=\"1\" itemprop=\"image\" title=\"1\" onerror=\"this.style.display='none'\"  \/>\n\t<p>&nbsp;<\/p>\n<h3>Peter Wiener<\/h3>\n<p>Executive Director<\/p>\n<p>&nbsp;<\/p>\n\t\t\t\t<img decoding=\"async\" src=\"http:\/\/webschool-liz.com\/wp-content\/uploads\/2019\/04\/2.jpg\" alt=\"2\" itemprop=\"image\" title=\"2\" onerror=\"this.style.display='none'\"  \/>\n\t<p>&nbsp;<\/p>\n<h3>Oliver Heitmann<\/h3>\n<p>Executive Director<\/p>\n<p>&nbsp;<\/p>\n\t<p>&#8222;Es ist vollkommen egal, wie langsam du vorankommst. Du \u00fcberholst immer noch jeden, der gar nichts tut.&#8220;<\/p>\n\t<p>The LIZ Webschool teaching faculty consists of five teachers with Masters-level education in pedagogy. Their spectrum of knowledge covers all relevant school subjects, and all have been specially trained in Therapy Oriented, Internet-Based Special Education (TOIS).\u00a0<\/p>\n\t<p>Webschool Timeline:<\/p>\n<p>&nbsp;<\/p>\n<p>2002: Online lessons and preparatory classes are offered for the first time<\/p>\n<p>2003: First successful school certificate received by a student<\/p>\n<p>2009: The program assumes a more therapeutic approach and develops TOIS methods<\/p>\n<p>2010: The school starts serving more than ten students at a time<\/p>\n<p>2010: The school hires 3 additional teachers<\/p>\n<p>2014: Teaching staff grows to 5 to meet a growing demand<\/p>\n<p>2016: A physical headquarters is established<\/p>\n<p>2020: Number of successful school certificates exceed 40 (and counting\u2026)<\/p>\n\t<p><a href=\"http:\/\/webschool-liz.com\/en\/angebot\/\">LEARN MORE ABOUT OUR SERVICES &gt;&gt;<\/a><\/p>","protected":false},"excerpt":{"rendered":"<p>\u00dcBER UNS LERNEN SIE UNSER TEAM KENNEN. &nbsp; Peter Wiener GESCH\u00c4FTSF\u00dcHRER &nbsp; &nbsp; Oliver Heitmann GESCH\u00c4FTSF\u00dcHRER &nbsp; &#8222;Es ist vollkommen egal, wie langsam du vorankommst. Du \u00fcberholst immer noch jeden, der gar nichts tut.&#8220; Die Web-Schule des LIZ besch\u00e4ftigt f\u00fcnf Diplom-Fachlehrer, die bis zu drei\u00dfig Sch\u00fcler unterrichten. Es k\u00f6nnen alle relevanten Schulf\u00e4cher gelehrt werden. Unsere&#8230;<\/p>","protected":false},"author":2,"featured_media":0,"parent":0,"menu_order":0,"comment_status":"closed","ping_status":"closed","template":"full-width-page.php","meta":{"footnotes":""},"class_list":["post-41","page","type-page","status-publish","hentry"],"_links":{"self":[{"href":"https:\/\/webschool-liz.com\/en\/wp-json\/wp\/v2\/pages\/41","targetHints":{"allow":["GET"]}}],"collection":[{"href":"https:\/\/webschool-liz.com\/en\/wp-json\/wp\/v2\/pages"}],"about":[{"href":"https:\/\/webschool-liz.com\/en\/wp-json\/wp\/v2\/types\/page"}],"author":[{"embeddable":true,"href":"https:\/\/webschool-liz.com\/en\/wp-json\/wp\/v2\/users\/2"}],"replies":[{"embeddable":true,"href":"https:\/\/webschool-liz.com\/en\/wp-json\/wp\/v2\/comments?post=41"}],"version-history":[{"count":19,"href":"https:\/\/webschool-liz.com\/en\/wp-json\/wp\/v2\/pages\/41\/revisions"}],"predecessor-version":[{"id":341,"href":"https:\/\/webschool-liz.com\/en\/wp-json\/wp\/v2\/pages\/41\/revisions\/341"}],"wp:attachment":[{"href":"https:\/\/webschool-liz.com\/en\/wp-json\/wp\/v2\/media?parent=41"}],"curies":[{"name":"wp","href":"https:\/\/api.w.org\/{rel}","templated":true}]}}