{"id":249,"date":"2019-03-14T12:18:25","date_gmt":"2019-03-14T11:18:25","guid":{"rendered":"http:\/\/webschool-liz.com\/?page_id=249"},"modified":"2020-01-27T15:47:08","modified_gmt":"2020-01-27T14:47:08","slug":"tois","status":"publish","type":"page","link":"https:\/\/webschool-liz.com\/en\/tois\/","title":{"rendered":"TOIS"},"content":{"rendered":"<h2>What is TOIS and who can benefit from it?<\/h2>\n\t<p>TOIS stands for THERAPY ORIENTED, INTERNET-BASED SPECIAL EDUCATION. It is a form of virtual anxiety treatment.<\/p>\n<p>&nbsp;<\/p>\n<p>Specifically, TOIS is a form of instruction designed for truant students with psychopathological disorders.<\/p>\n<p>Im weiteren Sinne bietet TOIS M\u00f6glichkeiten f\u00fcr die Entwicklung kleiner, besonders intensiver &#8222;virtueller Klassenzimmer&#8220;. In ihnen k\u00f6nnen Klienten bestimmte Schulabschnitte nachholen oder sich auf Abschl\u00fcsse vorbereiten.<\/p>\n<p>&nbsp;<\/p>\n<p>TOIS is also a therapeutic approach.<\/p>\n<p>Die Methode TOIS beruht auf den Besonderheiten der IRC (Internet Related Communication \u2013 Internetbezogene Kommunikation), wie z.B. &#8222;Kanalreduktion&#8220; und dem &#8222;Herausfiltern sozialer Hinweisreize&#8220;.<\/p>\n<p>The therapeutic approach is individualized \u2013 based on a learning plan tailored to the student\u2019s unique needs and derived from required curriculum.<\/p>\n<p>&nbsp;<\/p>\n<p>Although TOIS utilizes e-learning methods, the program is distinct from e-learning on a fundamental level. Whereas e-learning assumes a participant is more or less motivated to carry out a lesson, TOIS is geared towards activating children and young adults who have either partially or fully rejected learning in a social environment thus far.<\/p>\n<p>&nbsp;<\/p>\n\t<p><a href=\"http:\/\/www.toisonline.de\/\">Homepage of TOIS &gt;&gt;<\/a><\/p>\n<p>&nbsp;<\/p>","protected":false},"excerpt":{"rendered":"<p>Was ist TOIS und an wen wendet es sich? TOIS steht f\u00fcr THERAPIEORIENTIERTER INTERNETBASIERTER SONDERUNTERRICHT. &nbsp; TOIS ist im engeren Sinne eine Unterrichtsform f\u00fcr Schulverweigerer mit psychopatologischen St\u00f6rungen. Im weiteren Sinne bietet TOIS M\u00f6glichkeiten f\u00fcr die Entwicklung kleiner, besonders intensiver &#8222;virtueller Klassenzimmer&#8220;. In ihnen k\u00f6nnen Klienten bestimmte Schulabschnitte nachholen oder sich auf Abschl\u00fcsse vorbereiten. &nbsp;&#8230;<\/p>","protected":false},"author":2,"featured_media":0,"parent":0,"menu_order":0,"comment_status":"closed","ping_status":"closed","template":"full-width-page.php","meta":{"footnotes":""},"class_list":["post-249","page","type-page","status-publish","hentry"],"_links":{"self":[{"href":"https:\/\/webschool-liz.com\/en\/wp-json\/wp\/v2\/pages\/249","targetHints":{"allow":["GET"]}}],"collection":[{"href":"https:\/\/webschool-liz.com\/en\/wp-json\/wp\/v2\/pages"}],"about":[{"href":"https:\/\/webschool-liz.com\/en\/wp-json\/wp\/v2\/types\/page"}],"author":[{"embeddable":true,"href":"https:\/\/webschool-liz.com\/en\/wp-json\/wp\/v2\/users\/2"}],"replies":[{"embeddable":true,"href":"https:\/\/webschool-liz.com\/en\/wp-json\/wp\/v2\/comments?post=249"}],"version-history":[{"count":7,"href":"https:\/\/webschool-liz.com\/en\/wp-json\/wp\/v2\/pages\/249\/revisions"}],"predecessor-version":[{"id":316,"href":"https:\/\/webschool-liz.com\/en\/wp-json\/wp\/v2\/pages\/249\/revisions\/316"}],"wp:attachment":[{"href":"https:\/\/webschool-liz.com\/en\/wp-json\/wp\/v2\/media?parent=249"}],"curies":[{"name":"wp","href":"https:\/\/api.w.org\/{rel}","templated":true}]}}